{"id":369,"date":"2021-06-27T23:00:25","date_gmt":"2021-06-27T23:00:25","guid":{"rendered":"http:\/\/kajaki.studiokredka.pl\/?page_id=369"},"modified":"2021-06-27T23:00:25","modified_gmt":"2021-06-27T23:00:25","slug":"polityka-prywatnosci","status":"publish","type":"page","link":"https:\/\/kajakiszumy.pl\/index.php\/polityka-prywatnosci\/","title":{"rendered":"Polityka Prywatno\u015bci"},"content":{"rendered":"","protected":false},"excerpt":{"rendered":"","protected":false},"author":1,"featured_media":0,"parent":0,"menu_order":0,"comment_status":"closed","ping_status":"closed","template":"","meta":{"_mi_skip_tracking":false,"_monsterinsights_sitenote_active":false,"_monsterinsights_sitenote_note":"","_monsterinsights_sitenote_category":0,"footnotes":""},"class_list":["post-369","page","type-page","status-publish","hentry","entry"],"yoast_head":"<!-- This site is optimized with the Yoast SEO plugin v20.11 - https:\/\/yoast.com\/wordpress\/plugins\/seo\/ -->\n<title>Polityka Prywatno\u015bci - Kajaki Szumy - Susiec<\/title>\n<meta name=\"robots\" content=\"index, follow, max-snippet:-1, max-image-preview:large, max-video-preview:-1\" \/>\n<link rel=\"canonical\" href=\"https:\/\/kajakiszumy.pl\/index.php\/polityka-prywatnosci\/\" \/>\n<meta property=\"og:locale\" content=\"pl_PL\" \/>\n<meta property=\"og:type\" content=\"article\" \/>\n<meta property=\"og:title\" content=\"Polityka Prywatno\u015bci - Kajaki Szumy - Susiec\" \/>\n<meta property=\"og:url\" content=\"https:\/\/kajakiszumy.pl\/index.php\/polityka-prywatnosci\/\" \/>\n<meta property=\"og:site_name\" content=\"Kajaki Szumy - Susiec\" \/>\n<meta name=\"twitter:card\" content=\"summary_large_image\" \/>\n<script type=\"application\/ld+json\" class=\"yoast-schema-graph\">{\"@context\":\"https:\/\/schema.org\",\"@graph\":[{\"@type\":\"WebPage\",\"@id\":\"https:\/\/kajakiszumy.pl\/index.php\/polityka-prywatnosci\/\",\"url\":\"https:\/\/kajakiszumy.pl\/index.php\/polityka-prywatnosci\/\",\"name\":\"Polityka Prywatno\u015bci - Kajaki Szumy - Susiec\",\"isPartOf\":{\"@id\":\"https:\/\/kajakiszumy.pl\/#website\"},\"datePublished\":\"2021-06-27T23:00:25+00:00\",\"dateModified\":\"2021-06-27T23:00:25+00:00\",\"breadcrumb\":{\"@id\":\"https:\/\/kajakiszumy.pl\/index.php\/polityka-prywatnosci\/#breadcrumb\"},\"inLanguage\":\"pl-PL\",\"potentialAction\":[{\"@type\":\"ReadAction\",\"target\":[\"https:\/\/kajakiszumy.pl\/index.php\/polityka-prywatnosci\/\"]}]},{\"@type\":\"BreadcrumbList\",\"@id\":\"https:\/\/kajakiszumy.pl\/index.php\/polityka-prywatnosci\/#breadcrumb\",\"itemListElement\":[{\"@type\":\"ListItem\",\"position\":1,\"name\":\"Home\",\"item\":\"https:\/\/kajakiszumy.pl\/\"},{\"@type\":\"ListItem\",\"position\":2,\"name\":\"Polityka Prywatno\u015bci\"}]},{\"@type\":\"WebSite\",\"@id\":\"https:\/\/kajakiszumy.pl\/#website\",\"url\":\"https:\/\/kajakiszumy.pl\/\",\"name\":\"Kajaki Szumy - Susiec\",\"description\":\"Sp\u0142yw kajakowy na szumach to doskona\u0142y spos\u00f3b na rekreacyjn\u0105 przygod\u0119 w harmonii z natur\u0105. Malownicza rzeka, o spokojnym nurcie, stwarza doskona\u0142e warunki dla rodzinnych wypad\u00f3w, umo\u017cliwiaj\u0105c p\u0142ywanie zar\u00f3wno doros\u0142ym, jak i dzieciom. To wspania\u0142a okazja, by sp\u0119dzi\u0107 czas na \u015bwie\u017cym powietrzu, daleko od zgie\u0142ku miasta.\",\"publisher\":{\"@id\":\"https:\/\/kajakiszumy.pl\/#organization\"},\"potentialAction\":[{\"@type\":\"SearchAction\",\"target\":{\"@type\":\"EntryPoint\",\"urlTemplate\":\"https:\/\/kajakiszumy.pl\/?s={search_term_string}\"},\"query-input\":\"required name=search_term_string\"}],\"inLanguage\":\"pl-PL\"},{\"@type\":\"Organization\",\"@id\":\"https:\/\/kajakiszumy.pl\/#organization\",\"name\":\"Kajaki Szumy - Susiec\",\"url\":\"https:\/\/kajakiszumy.pl\/\",\"logo\":{\"@type\":\"ImageObject\",\"inLanguage\":\"pl-PL\",\"@id\":\"https:\/\/kajakiszumy.pl\/#\/schema\/logo\/image\/\",\"url\":\"https:\/\/kajakiszumy.pl\/wp-content\/uploads\/2021\/06\/Kajaki-Szumy.png\",\"contentUrl\":\"https:\/\/kajakiszumy.pl\/wp-content\/uploads\/2021\/06\/Kajaki-Szumy.png\",\"width\":491,\"height\":120,\"caption\":\"Kajaki Szumy - Susiec\"},\"image\":{\"@id\":\"https:\/\/kajakiszumy.pl\/#\/schema\/logo\/image\/\"}}]}<\/script>\n<!-- \/ Yoast SEO plugin. -->","yoast_head_json":{"title":"Polityka Prywatno\u015bci - Kajaki Szumy - Susiec","robots":{"index":"index","follow":"follow","max-snippet":"max-snippet:-1","max-image-preview":"max-image-preview:large","max-video-preview":"max-video-preview:-1"},"canonical":"https:\/\/kajakiszumy.pl\/index.php\/polityka-prywatnosci\/","og_locale":"pl_PL","og_type":"article","og_title":"Polityka Prywatno\u015bci - Kajaki Szumy - Susiec","og_url":"https:\/\/kajakiszumy.pl\/index.php\/polityka-prywatnosci\/","og_site_name":"Kajaki Szumy - Susiec","twitter_card":"summary_large_image","schema":{"@context":"https:\/\/schema.org","@graph":[{"@type":"WebPage","@id":"https:\/\/kajakiszumy.pl\/index.php\/polityka-prywatnosci\/","url":"https:\/\/kajakiszumy.pl\/index.php\/polityka-prywatnosci\/","name":"Polityka Prywatno\u015bci - Kajaki Szumy - Susiec","isPartOf":{"@id":"https:\/\/kajakiszumy.pl\/#website"},"datePublished":"2021-06-27T23:00:25+00:00","dateModified":"2021-06-27T23:00:25+00:00","breadcrumb":{"@id":"https:\/\/kajakiszumy.pl\/index.php\/polityka-prywatnosci\/#breadcrumb"},"inLanguage":"pl-PL","potentialAction":[{"@type":"ReadAction","target":["https:\/\/kajakiszumy.pl\/index.php\/polityka-prywatnosci\/"]}]},{"@type":"BreadcrumbList","@id":"https:\/\/kajakiszumy.pl\/index.php\/polityka-prywatnosci\/#breadcrumb","itemListElement":[{"@type":"ListItem","position":1,"name":"Home","item":"https:\/\/kajakiszumy.pl\/"},{"@type":"ListItem","position":2,"name":"Polityka Prywatno\u015bci"}]},{"@type":"WebSite","@id":"https:\/\/kajakiszumy.pl\/#website","url":"https:\/\/kajakiszumy.pl\/","name":"Kajaki Szumy - Susiec","description":"Sp\u0142yw kajakowy na szumach to doskona\u0142y spos\u00f3b na rekreacyjn\u0105 przygod\u0119 w harmonii z natur\u0105. Malownicza rzeka, o spokojnym nurcie, stwarza doskona\u0142e warunki dla rodzinnych wypad\u00f3w, umo\u017cliwiaj\u0105c p\u0142ywanie zar\u00f3wno doros\u0142ym, jak i dzieciom. To wspania\u0142a okazja, by sp\u0119dzi\u0107 czas na \u015bwie\u017cym powietrzu, daleko od zgie\u0142ku miasta.","publisher":{"@id":"https:\/\/kajakiszumy.pl\/#organization"},"potentialAction":[{"@type":"SearchAction","target":{"@type":"EntryPoint","urlTemplate":"https:\/\/kajakiszumy.pl\/?s={search_term_string}"},"query-input":"required name=search_term_string"}],"inLanguage":"pl-PL"},{"@type":"Organization","@id":"https:\/\/kajakiszumy.pl\/#organization","name":"Kajaki Szumy - Susiec","url":"https:\/\/kajakiszumy.pl\/","logo":{"@type":"ImageObject","inLanguage":"pl-PL","@id":"https:\/\/kajakiszumy.pl\/#\/schema\/logo\/image\/","url":"https:\/\/kajakiszumy.pl\/wp-content\/uploads\/2021\/06\/Kajaki-Szumy.png","contentUrl":"https:\/\/kajakiszumy.pl\/wp-content\/uploads\/2021\/06\/Kajaki-Szumy.png","width":491,"height":120,"caption":"Kajaki Szumy - Susiec"},"image":{"@id":"https:\/\/kajakiszumy.pl\/#\/schema\/logo\/image\/"}}]}},"_links":{"self":[{"href":"https:\/\/kajakiszumy.pl\/index.php\/wp-json\/wp\/v2\/pages\/369","targetHints":{"allow":["GET"]}}],"collection":[{"href":"https:\/\/kajakiszumy.pl\/index.php\/wp-json\/wp\/v2\/pages"}],"about":[{"href":"https:\/\/kajakiszumy.pl\/index.php\/wp-json\/wp\/v2\/types\/page"}],"author":[{"embeddable":true,"href":"https:\/\/kajakiszumy.pl\/index.php\/wp-json\/wp\/v2\/users\/1"}],"replies":[{"embeddable":true,"href":"https:\/\/kajakiszumy.pl\/index.php\/wp-json\/wp\/v2\/comments?post=369"}],"version-history":[{"count":1,"href":"https:\/\/kajakiszumy.pl\/index.php\/wp-json\/wp\/v2\/pages\/369\/revisions"}],"predecessor-version":[{"id":370,"href":"https:\/\/kajakiszumy.pl\/index.php\/wp-json\/wp\/v2\/pages\/369\/revisions\/370"}],"wp:attachment":[{"href":"https:\/\/kajakiszumy.pl\/index.php\/wp-json\/wp\/v2\/media?parent=369"}],"curies":[{"name":"wp","href":"https:\/\/api.w.org\/{rel}","templated":true}]}}